{"id":987,"date":"2015-09-07T07:46:55","date_gmt":"2015-09-07T07:46:55","guid":{"rendered":"http:\/\/pitch.select-themes.com\/?page_id=987"},"modified":"2025-12-30T14:22:20","modified_gmt":"2025-12-30T14:22:20","slug":"services","status":"publish","type":"page","link":"https:\/\/cms2512.commu.isfsc.be\/index.php\/services\/","title":{"rendered":"Nos services"},"content":{"rendered":"<div class=\"wpb-content-wrapper\"><p>[vc_row row_type=\u00a0\u00bbrow\u00a0\u00bb use_row_as_full_screen_section=\u00a0\u00bbno\u00a0\u00bb type=\u00a0\u00bbgrid\u00a0\u00bb oblique_section=\u00a0\u00bbno\u00a0\u00bb text_align=\u00a0\u00bbleft\u00a0\u00bb triangle_shape=\u00a0\u00bbno\u00a0\u00bb padding_top=\u00a0\u00bb93&Prime; padding_bottom=\u00a0\u00bb100&Prime; box_shadow_on_row=\u00a0\u00bbno\u00a0\u00bb][vc_column width=\u00a0\u00bb1\/4&Prime;][vc_single_image image=\u00a0\u00bb993&Prime; img_size=\u00a0\u00bbfull\u00a0\u00bb qode_hover_animation=\u00a0\u00bb\u00a0\u00bb qode_css_animation=\u00a0\u00bbelement_from_left\u00a0\u00bb transition_delay=\u00a0\u00bb0.1&Prime;][vc_separator type=\u00a0\u00bbtransparent\u00a0\u00bb up=\u00a0\u00bb40&Prime; up_style=\u00a0\u00bbpx\u00a0\u00bb down=\u00a0\u00bb0&Prime; down_style=\u00a0\u00bbpx\u00a0\u00bb][\/vc_column][vc_column width=\u00a0\u00bb3\/4&Prime;][vc_column_text css=\u00a0\u00bb\u00a0\u00bb]<\/p>\n<h3><strong>Que proposons-nous ?<\/strong><\/h3>\n<p>[\/vc_column_text][vc_column_text css=\u00a0\u00bb\u00a0\u00bb]Nous accompagnons nos clients \u00e0 chaque \u00e9tape de leur communication, de la r\u00e9flexion strat\u00e9gique \u00e0 la production des contenus et \u00e0 leur diffusion. Nos services sont pens\u00e9s pour r\u00e9pondre aux besoins de projets vari\u00e9s, avec une approche coh\u00e9rente et sur mesure.[\/vc_column_text][vc_column_text css=\u00a0\u00bb\u00a0\u00bb][\/vc_column_text][vc_separator type=\u00a0\u00bbtransparent\u00a0\u00bb up=\u00a0\u00bb20&Prime; up_style=\u00a0\u00bbpx\u00a0\u00bb down=\u00a0\u00bb0&Prime; down_style=\u00a0\u00bbpx\u00a0\u00bb][\/vc_column][\/vc_row][vc_row row_type=\u00a0\u00bbrow\u00a0\u00bb use_row_as_full_screen_section=\u00a0\u00bbno\u00a0\u00bb type=\u00a0\u00bbgrid\u00a0\u00bb oblique_section=\u00a0\u00bbno\u00a0\u00bb text_align=\u00a0\u00bbleft\u00a0\u00bb triangle_shape=\u00a0\u00bbno\u00a0\u00bb background_color=\u00a0\u00bb#f7f7f7&Prime; padding_top=\u00a0\u00bb20&Prime; padding_bottom=\u00a0\u00bb91&Prime; box_shadow_on_row=\u00a0\u00bbno\u00a0\u00bb][vc_column width=\u00a0\u00bb2\/3&Prime;][vc_separator type=\u00a0\u00bbtransparent\u00a0\u00bb up=\u00a0\u00bb70&Prime; up_style=\u00a0\u00bbpx\u00a0\u00bb down=\u00a0\u00bb0&Prime; down_style=\u00a0\u00bbpx\u00a0\u00bb][vc_column_text css=\u00a0\u00bb\u00a0\u00bb]<\/p>\n<h3><strong>Productions visuelle &amp; audiovisuelle<\/strong><\/h3>\n<p>[\/vc_column_text][vc_column_text css=\u00a0\u00bb\u00a0\u00bb]<\/p>\n<p data-start=\"1868\" data-end=\"2120\">Nous r\u00e9alisons des contenus photo et vid\u00e9o professionnels, adapt\u00e9s aux besoins de communication et aux plateformes de diffusion. Chaque production est pens\u00e9e en lien avec la strat\u00e9gie d\u00e9finie en amont, afin de renforcer le message et l\u2019image du projet.<\/p>\n<p data-start=\"2122\" data-end=\"2242\">Nous assurons l\u2019ensemble du processus, de la pr\u00e9paration au rendu final, en veillant \u00e0 la qualit\u00e9 technique et visuelle.<\/p>\n<p>[\/vc_column_text][vc_column_text css=\u00a0\u00bb\u00a0\u00bb][\/vc_column_text][vc_separator type=\u00a0\u00bbtransparent\u00a0\u00bb up=\u00a0\u00bb20&Prime; up_style=\u00a0\u00bbpx\u00a0\u00bb down=\u00a0\u00bb0&Prime; down_style=\u00a0\u00bbpx\u00a0\u00bb][\/vc_column][vc_column width=\u00a0\u00bb1\/3&Prime;][vc_separator type=\u00a0\u00bbtransparent\u00a0\u00bb up=\u00a0\u00bb40&Prime; up_style=\u00a0\u00bbpx\u00a0\u00bb down=\u00a0\u00bb0&Prime; down_style=\u00a0\u00bbpx\u00a0\u00bb][vc_single_image image=\u00a0\u00bb1019&Prime; img_size=\u00a0\u00bbfull\u00a0\u00bb alignment=\u00a0\u00bbcenter\u00a0\u00bb qode_hover_animation=\u00a0\u00bb\u00a0\u00bb qode_css_animation=\u00a0\u00bbelement_from_right\u00a0\u00bb transition_delay=\u00a0\u00bb0.1&Prime;][\/vc_column][\/vc_row][vc_row row_type=\u00a0\u00bbrow\u00a0\u00bb use_row_as_full_screen_section=\u00a0\u00bbno\u00a0\u00bb type=\u00a0\u00bbgrid\u00a0\u00bb oblique_section=\u00a0\u00bbno\u00a0\u00bb text_align=\u00a0\u00bbleft\u00a0\u00bb triangle_shape=\u00a0\u00bbno\u00a0\u00bb padding_top=\u00a0\u00bb93&Prime; padding_bottom=\u00a0\u00bb46&Prime; box_shadow_on_row=\u00a0\u00bbno\u00a0\u00bb][vc_column width=\u00a0\u00bb1\/4&Prime;][vc_single_image image=\u00a0\u00bb1031&Prime; img_size=\u00a0\u00bbfull\u00a0\u00bb qode_hover_animation=\u00a0\u00bb\u00a0\u00bb qode_css_animation=\u00a0\u00bbelement_from_left\u00a0\u00bb transition_delay=\u00a0\u00bb0.1&Prime;][vc_separator type=\u00a0\u00bbtransparent\u00a0\u00bb up=\u00a0\u00bb40&Prime; up_style=\u00a0\u00bbpx\u00a0\u00bb down=\u00a0\u00bb0&Prime; down_style=\u00a0\u00bbpx\u00a0\u00bb][\/vc_column][vc_column width=\u00a0\u00bb3\/4&Prime;][vc_column_text css=\u00a0\u00bb\u00a0\u00bb]<\/p>\n<h3><strong>Communication digitale &amp; r\u00e9seaux sociaux<\/strong><\/h3>\n<p>[\/vc_column_text][vc_column_text css=\u00a0\u00bb\u00a0\u00bb]<\/p>\n<p data-start=\"2423\" data-end=\"2676\">La communication digitale est essentielle pour renforcer la visibilit\u00e9 et l\u2019engagement d\u2019une marque. Nous d\u00e9veloppons des strat\u00e9gies de contenu adapt\u00e9es aux r\u00e9seaux sociaux et accompagnons nos clients dans la gestion et l\u2019animation de leurs plateformes.<\/p>\n<p data-start=\"2678\" data-end=\"2819\">Nous veillons \u00e0 proposer des contenus coh\u00e9rents, r\u00e9guliers et adapt\u00e9s aux codes de chaque r\u00e9seau, tout en assurant un suivi des performances.<\/p>\n<p data-start=\"2821\" data-end=\"2856\"><strong data-start=\"2821\" data-end=\"2856\">Ce service comprend notamment :<\/strong><\/p>\n<ul data-start=\"2857\" data-end=\"3020\">\n<li data-start=\"2857\" data-end=\"2879\">\n<p data-start=\"2859\" data-end=\"2879\">Strat\u00e9gie digitale<\/p>\n<\/li>\n<li data-start=\"2880\" data-end=\"2911\">\n<p data-start=\"2882\" data-end=\"2911\">Gestion des r\u00e9seaux sociaux<\/p>\n<\/li>\n<li data-start=\"2912\" data-end=\"2953\">\n<p data-start=\"2914\" data-end=\"2953\">Cr\u00e9ation et planification de contenus<\/p>\n<\/li>\n<li data-start=\"2954\" data-end=\"2991\">\n<p data-start=\"2956\" data-end=\"2991\">Campagnes sur Instagram et TikTok<\/p>\n<\/li>\n<\/ul>\n<p>[\/vc_column_text][vc_column_text css=\u00a0\u00bb\u00a0\u00bb][\/vc_column_text][vc_separator type=\u00a0\u00bbtransparent\u00a0\u00bb up=\u00a0\u00bb20&Prime; up_style=\u00a0\u00bbpx\u00a0\u00bb down=\u00a0\u00bb0&Prime; down_style=\u00a0\u00bbpx\u00a0\u00bb][\/vc_column][\/vc_row][vc_row row_type=\u00a0\u00bbrow\u00a0\u00bb use_row_as_full_screen_section=\u00a0\u00bbno\u00a0\u00bb type=\u00a0\u00bbgrid\u00a0\u00bb oblique_section=\u00a0\u00bbno\u00a0\u00bb text_align=\u00a0\u00bbleft\u00a0\u00bb triangle_shape=\u00a0\u00bbno\u00a0\u00bb background_color=\u00a0\u00bb#f7f7f7&Prime; padding_top=\u00a0\u00bb20&Prime; padding_bottom=\u00a0\u00bb131&Prime; box_shadow_on_row=\u00a0\u00bbno\u00a0\u00bb][vc_column width=\u00a0\u00bb2\/3&Prime;][vc_separator type=\u00a0\u00bbtransparent\u00a0\u00bb up=\u00a0\u00bb70&Prime; up_style=\u00a0\u00bbpx\u00a0\u00bb down=\u00a0\u00bb0&Prime; down_style=\u00a0\u00bbpx\u00a0\u00bb][vc_column_text css=\u00a0\u00bb\u00a0\u00bb]<\/p>\n<h3><strong>Web &amp; gestion de projet<\/strong><\/h3>\n<p>[\/vc_column_text][vc_column_text css=\u00a0\u00bb\u00a0\u00bb]<\/p>\n<p data-start=\"3058\" data-end=\"3289\">Nous concevons et g\u00e9rons des sites web clairs, fonctionnels et coh\u00e9rents avec l\u2019identit\u00e9 du projet. Nous assurons \u00e9galement la coordination et le suivi des projets, afin de garantir une organisation fluide et un respect des d\u00e9lais.<\/p>\n<p data-start=\"3291\" data-end=\"3400\">Ce service permet d\u2019assurer une communication structur\u00e9e et un accompagnement continu tout au long du projet.<\/p>\n<p data-start=\"3402\" data-end=\"3437\"><strong data-start=\"3402\" data-end=\"3437\">Ce service comprend notamment :<\/strong><\/p>\n<ul data-start=\"3438\" data-end=\"3570\">\n<li data-start=\"3438\" data-end=\"3480\">\n<p data-start=\"3440\" data-end=\"3480\">Cr\u00e9ation et gestion de sites WordPress<\/p>\n<\/li>\n<li data-start=\"3481\" data-end=\"3516\">\n<p data-start=\"3483\" data-end=\"3516\">Suivi et coordination de projet<\/p>\n<\/li>\n<li data-start=\"3517\" data-end=\"3536\">\n<p data-start=\"3519\" data-end=\"3536\">Relation client<\/p>\n<\/li>\n<li data-start=\"3537\" data-end=\"3570\">\n<p data-start=\"3539\" data-end=\"3570\">Organisation et planification<\/p>\n<\/li>\n<\/ul>\n<p>[\/vc_column_text][vc_column_text css=\u00a0\u00bb\u00a0\u00bb][\/vc_column_text][vc_separator type=\u00a0\u00bbtransparent\u00a0\u00bb up=\u00a0\u00bb20&Prime; up_style=\u00a0\u00bbpx\u00a0\u00bb down=\u00a0\u00bb0&Prime; down_style=\u00a0\u00bbpx\u00a0\u00bb][\/vc_column][vc_column width=\u00a0\u00bb1\/3&Prime;][vc_separator type=\u00a0\u00bbtransparent\u00a0\u00bb up=\u00a0\u00bb40&Prime; up_style=\u00a0\u00bbpx\u00a0\u00bb down=\u00a0\u00bb0&Prime; down_style=\u00a0\u00bbpx\u00a0\u00bb][vc_single_image image=\u00a0\u00bb1038&Prime; img_size=\u00a0\u00bbfull\u00a0\u00bb alignment=\u00a0\u00bbcenter\u00a0\u00bb qode_hover_animation=\u00a0\u00bb\u00a0\u00bb qode_css_animation=\u00a0\u00bbelement_from_right\u00a0\u00bb transition_delay=\u00a0\u00bb0.1&Prime;][\/vc_column][\/vc_row]<\/p>\n<\/div>","protected":false},"excerpt":{"rendered":"<p>[vc_row row_type=\u00a0\u00bbrow\u00a0\u00bb use_row_as_full_screen_section=\u00a0\u00bbno\u00a0\u00bb type=\u00a0\u00bbgrid\u00a0\u00bb oblique_section=\u00a0\u00bbno\u00a0\u00bb text_align=\u00a0\u00bbleft\u00a0\u00bb triangle_shape=\u00a0\u00bbno\u00a0\u00bb padding_top=\u00a0\u00bb93&Prime; padding_bottom=\u00a0\u00bb100&Prime; box_shadow_on_row=\u00a0\u00bbno\u00a0\u00bb][vc_column width=\u00a0\u00bb1\/4&Prime;][vc_single_image image=\u00a0\u00bb993&Prime; img_size=\u00a0\u00bbfull\u00a0\u00bb qode_hover_animation=\u00a0\u00bb\u00a0\u00bb qode_css_animation=\u00a0\u00bbelement_from_left\u00a0\u00bb transition_delay=\u00a0\u00bb0.1&Prime;][vc_separator type=\u00a0\u00bbtransparent\u00a0\u00bb up=\u00a0\u00bb40&Prime; up_style=\u00a0\u00bbpx\u00a0\u00bb down=\u00a0\u00bb0&Prime; down_style=\u00a0\u00bbpx\u00a0\u00bb][\/vc_column][vc_column width=\u00a0\u00bb3\/4&Prime;][vc_column_text css=\u00a0\u00bb\u00a0\u00bb] Que proposons-nous ? [\/vc_column_text][vc_column_text css=\u00a0\u00bb\u00a0\u00bb]Nous accompagnons nos clients \u00e0 chaque \u00e9tape de leur communication, de la r\u00e9flexion strat\u00e9gique \u00e0 la production des contenus et \u00e0 leur diffusion. [&hellip;]<\/p>\n","protected":false},"author":3,"featured_media":0,"parent":0,"menu_order":0,"comment_status":"closed","ping_status":"closed","template":"","meta":{"_themeisle_gutenberg_block_has_review":false,"footnotes":""},"class_list":["post-987","page","type-page","status-publish","hentry"],"_links":{"self":[{"href":"https:\/\/cms2512.commu.isfsc.be\/index.php\/wp-json\/wp\/v2\/pages\/987","targetHints":{"allow":["GET"]}}],"collection":[{"href":"https:\/\/cms2512.commu.isfsc.be\/index.php\/wp-json\/wp\/v2\/pages"}],"about":[{"href":"https:\/\/cms2512.commu.isfsc.be\/index.php\/wp-json\/wp\/v2\/types\/page"}],"author":[{"embeddable":true,"href":"https:\/\/cms2512.commu.isfsc.be\/index.php\/wp-json\/wp\/v2\/users\/3"}],"replies":[{"embeddable":true,"href":"https:\/\/cms2512.commu.isfsc.be\/index.php\/wp-json\/wp\/v2\/comments?post=987"}],"version-history":[{"count":3,"href":"https:\/\/cms2512.commu.isfsc.be\/index.php\/wp-json\/wp\/v2\/pages\/987\/revisions"}],"predecessor-version":[{"id":57487,"href":"https:\/\/cms2512.commu.isfsc.be\/index.php\/wp-json\/wp\/v2\/pages\/987\/revisions\/57487"}],"wp:attachment":[{"href":"https:\/\/cms2512.commu.isfsc.be\/index.php\/wp-json\/wp\/v2\/media?parent=987"}],"curies":[{"name":"wp","href":"https:\/\/api.w.org\/{rel}","templated":true}]}}