{"id":1600,"date":"2015-09-09T08:31:19","date_gmt":"2015-09-09T08:31:19","guid":{"rendered":"http:\/\/pitch.select-themes.com\/?page_id=1600"},"modified":"2025-12-30T14:39:57","modified_gmt":"2025-12-30T14:39:57","slug":"contact-us","status":"publish","type":"page","link":"https:\/\/cms2512.commu.isfsc.be\/index.php\/contact-us\/","title":{"rendered":"Contactez-nous"},"content":{"rendered":"<div class=\"wpb-content-wrapper\"><p>[vc_row row_type=\u00a0\u00bbrow\u00a0\u00bb use_row_as_full_screen_section=\u00a0\u00bbno\u00a0\u00bb type=\u00a0\u00bbgrid\u00a0\u00bb oblique_section=\u00a0\u00bbno\u00a0\u00bb text_align=\u00a0\u00bbleft\u00a0\u00bb triangle_shape=\u00a0\u00bbno\u00a0\u00bb padding_top=\u00a0\u00bb51&Prime; padding_bottom=\u00a0\u00bb15&Prime; box_shadow_on_row=\u00a0\u00bbno\u00a0\u00bb][vc_column offset=\u00a0\u00bbvc_col-md-6 vc_col-xs-12&Prime;]\n<div class=\"wpcf7 no-js\" id=\"wpcf7-f1610-o1\" lang=\"en-US\" dir=\"ltr\" data-wpcf7-id=\"1610\">\n<div class=\"screen-reader-response\"><p role=\"status\" aria-live=\"polite\" aria-atomic=\"true\"><\/p> <ul><\/ul><\/div>\n<form action=\"\/index.php\/wp-json\/wp\/v2\/pages\/1600#wpcf7-f1610-o1\" method=\"post\" class=\"wpcf7-form init cf7_custom_style_2\" aria-label=\"Contact form\" novalidate=\"novalidate\" data-status=\"init\">\n<fieldset class=\"hidden-fields-container\"><input type=\"hidden\" name=\"_wpcf7\" value=\"1610\" \/><input type=\"hidden\" name=\"_wpcf7_version\" value=\"6.1.5\" \/><input type=\"hidden\" name=\"_wpcf7_locale\" value=\"en_US\" \/><input type=\"hidden\" name=\"_wpcf7_unit_tag\" value=\"wpcf7-f1610-o1\" \/><input type=\"hidden\" name=\"_wpcf7_container_post\" value=\"0\" \/><input type=\"hidden\" name=\"_wpcf7_posted_data_hash\" value=\"\" \/>\n<\/fieldset>\n<div class=\"three_columns_form_with_space\">\n\t<div class=\"column1\">\n\t\t<div class=\"column_inner\">\n\t\t\t<p><span class=\"wpcf7-form-control-wrap\" data-name=\"first-name\"><input size=\"40\" maxlength=\"400\" class=\"wpcf7-form-control wpcf7-text wpcf7-validates-as-required\" aria-required=\"true\" aria-invalid=\"false\" placeholder=\"First Name*\" value=\"\" type=\"text\" name=\"first-name\" \/><\/span>\n\t\t\t<\/p>\n\t\t<\/div>\n\t<\/div>\n\t<div class=\"column2\">\n\t\t<div class=\"column_inner\">\n\t\t\t<p><span class=\"wpcf7-form-control-wrap\" data-name=\"last-name\"><input size=\"40\" maxlength=\"400\" class=\"wpcf7-form-control wpcf7-text wpcf7-validates-as-required\" aria-required=\"true\" aria-invalid=\"false\" placeholder=\"Last Name*\" value=\"\" type=\"text\" name=\"last-name\" \/><\/span>\n\t\t\t<\/p>\n\t\t<\/div>\n\t<\/div>\n<\/div>\n<p><span class=\"wpcf7-form-control-wrap\" data-name=\"message\"><textarea cols=\"40\" rows=\"10\" maxlength=\"2000\" class=\"wpcf7-form-control wpcf7-textarea wpcf7-validates-as-required\" aria-required=\"true\" aria-invalid=\"false\" placeholder=\"Message*\" name=\"message\"><\/textarea><\/span>\n<\/p>\n<p><input class=\"wpcf7-form-control wpcf7-submit has-spinner\" type=\"submit\" value=\"SUBMIT\" \/>\n<\/p><div class=\"wpcf7-response-output\" aria-hidden=\"true\"><\/div>\n<\/form>\n<\/div>\n[vc_separator type=\u00a0\u00bbtransparent\u00a0\u00bb up=\u00a0\u00bb40&Prime; up_style=\u00a0\u00bbpx\u00a0\u00bb down=\u00a0\u00bb0&Prime; down_style=\u00a0\u00bbpx\u00a0\u00bb][\/vc_column][vc_column offset=\u00a0\u00bbvc_col-md-6 vc_col-xs-12&Prime;][vc_separator type=\u00a0\u00bbtransparent\u00a0\u00bb up=\u00a0\u00bb18&Prime; up_style=\u00a0\u00bbpx\u00a0\u00bb down=\u00a0\u00bb0&Prime; down_style=\u00a0\u00bbpx\u00a0\u00bb][vc_column_text css=\u00a0\u00bb\u00a0\u00bb]<\/p>\n<h4><strong>Information de contact<\/strong><\/h4>\n<p>[\/vc_column_text][vc_separator type=\u00a0\u00bbtransparent\u00a0\u00bb up=\u00a0\u00bb16&Prime; up_style=\u00a0\u00bbpx\u00a0\u00bb down=\u00a0\u00bb0&Prime; down_style=\u00a0\u00bbpx\u00a0\u00bb][vc_column_text css=\u00a0\u00bb\u00a0\u00bb]<\/p>\n<p data-start=\"456\" data-end=\"505\">Vous avez un projet, une id\u00e9e ou une question ?<\/p>\n<p data-start=\"512\" data-end=\"644\">Que vous souhaitiez lancer une campagne, cr\u00e9er du contenu ou simplement obtenir des informations, notre \u00e9quipe est \u00e0 votre \u00e9coute.<\/p>\n<p data-start=\"651\" data-end=\"744\">Remplissez le formulaire ci-dessous et nous reviendrons vers vous dans les plus brefs d\u00e9lais.<\/p>\n<p>[\/vc_column_text][vc_row_inner row_type=\u00a0\u00bbrow\u00a0\u00bb type=\u00a0\u00bbfull_width\u00a0\u00bb use_row_as_full_screen_section_slide=\u00a0\u00bbno\u00a0\u00bb text_align=\u00a0\u00bbleft\u00a0\u00bb padding_top=\u00a0\u00bb33&Prime; padding_bottom=\u00a0\u00bb0&Prime; css_animation=\u00a0\u00bb\u00a0\u00bb box_shadow_on_row=\u00a0\u00bbno\u00a0\u00bb][vc_column_inner width=\u00a0\u00bb1\/3&Prime;][vc_column_text css=\u00a0\u00bb\u00a0\u00bb]<\/p>\n<h6><span style=\"color: #2e2e2e;\">Adresse :<\/span><\/h6>\n<p>[\/vc_column_text][vc_separator type=\u00a0\u00bbtransparent\u00a0\u00bb up=\u00a0\u00bb10&Prime; up_style=\u00a0\u00bbpx\u00a0\u00bb down=\u00a0\u00bb0&Prime; down_style=\u00a0\u00bbpx\u00a0\u00bb][vc_column_text css=\u00a0\u00bb\u00a0\u00bb]111, rue de la Poste, 1030 Schaerbeek[\/vc_column_text][vc_separator type=\u00a0\u00bbtransparent\u00a0\u00bb up=\u00a0\u00bb28&Prime; up_style=\u00a0\u00bbpx\u00a0\u00bb down=\u00a0\u00bb0&Prime; down_style=\u00a0\u00bbpx\u00a0\u00bb][vc_column_text css=\u00a0\u00bb\u00a0\u00bb][\/vc_column_text][vc_separator type=\u00a0\u00bbtransparent\u00a0\u00bb up=\u00a0\u00bb9&Prime; up_style=\u00a0\u00bbpx\u00a0\u00bb down=\u00a0\u00bb0&Prime; down_style=\u00a0\u00bbpx\u00a0\u00bb][vc_column_text css=\u00a0\u00bb\u00a0\u00bb][\/vc_column_text][vc_separator type=\u00a0\u00bbtransparent\u00a0\u00bb up=\u00a0\u00bb40&Prime; up_style=\u00a0\u00bbpx\u00a0\u00bb down=\u00a0\u00bb0&Prime; down_style=\u00a0\u00bbpx\u00a0\u00bb][\/vc_column_inner][vc_column_inner width=\u00a0\u00bb1\/3&Prime;][vc_column_text css=\u00a0\u00bb\u00a0\u00bb]<strong>N\u00b0 phone<\/strong>[\/vc_column_text][vc_separator type=\u00a0\u00bbtransparent\u00a0\u00bb up=\u00a0\u00bb10&Prime; up_style=\u00a0\u00bbpx\u00a0\u00bb down=\u00a0\u00bb0&Prime; down_style=\u00a0\u00bbpx\u00a0\u00bb][vc_column_text css=\u00a0\u00bb\u00a0\u00bb]+32 470 10 75 87<\/p>\n<p>&nbsp;[\/vc_column_text][vc_separator type=\u00a0\u00bbtransparent\u00a0\u00bb up=\u00a0\u00bb28&Prime; up_style=\u00a0\u00bbpx\u00a0\u00bb down=\u00a0\u00bb0&Prime; down_style=\u00a0\u00bbpx\u00a0\u00bb][vc_column_text]<\/p>\n<h6><span style=\"color: #2e2e2e;\">E-Mail:<\/span><\/h6>\n<p>[\/vc_column_text][vc_separator type=\u00a0\u00bbtransparent\u00a0\u00bb up=\u00a0\u00bb9&Prime; up_style=\u00a0\u00bbpx\u00a0\u00bb down=\u00a0\u00bb0&Prime; down_style=\u00a0\u00bbpx\u00a0\u00bb][vc_column_text css=\u00a0\u00bb\u00a0\u00bb]glowkeyagency@gmail.com[\/vc_column_text][vc_separator type=\u00a0\u00bbtransparent\u00a0\u00bb up=\u00a0\u00bb40&Prime; up_style=\u00a0\u00bbpx\u00a0\u00bb down=\u00a0\u00bb0&Prime; down_style=\u00a0\u00bbpx\u00a0\u00bb][\/vc_column_inner][vc_column_inner width=\u00a0\u00bb1\/3&Prime;][vc_column_text][\/vc_column_text][\/vc_column_inner][\/vc_row_inner][\/vc_column][\/vc_row]<\/p>\n<\/div>","protected":false},"excerpt":{"rendered":"<p>[vc_row row_type=\u00a0\u00bbrow\u00a0\u00bb use_row_as_full_screen_section=\u00a0\u00bbno\u00a0\u00bb type=\u00a0\u00bbgrid\u00a0\u00bb oblique_section=\u00a0\u00bbno\u00a0\u00bb text_align=\u00a0\u00bbleft\u00a0\u00bb triangle_shape=\u00a0\u00bbno\u00a0\u00bb padding_top=\u00a0\u00bb51&Prime; padding_bottom=\u00a0\u00bb15&Prime; box_shadow_on_row=\u00a0\u00bbno\u00a0\u00bb][vc_column offset=\u00a0\u00bbvc_col-md-6 vc_col-xs-12&Prime;][vc_separator type=\u00a0\u00bbtransparent\u00a0\u00bb up=\u00a0\u00bb40&Prime; up_style=\u00a0\u00bbpx\u00a0\u00bb down=\u00a0\u00bb0&Prime; down_style=\u00a0\u00bbpx\u00a0\u00bb][\/vc_column][vc_column offset=\u00a0\u00bbvc_col-md-6 vc_col-xs-12&Prime;][vc_separator type=\u00a0\u00bbtransparent\u00a0\u00bb up=\u00a0\u00bb18&Prime; up_style=\u00a0\u00bbpx\u00a0\u00bb down=\u00a0\u00bb0&Prime; down_style=\u00a0\u00bbpx\u00a0\u00bb][vc_column_text css=\u00a0\u00bb\u00a0\u00bb] Information de contact [\/vc_column_text][vc_separator type=\u00a0\u00bbtransparent\u00a0\u00bb up=\u00a0\u00bb16&Prime; up_style=\u00a0\u00bbpx\u00a0\u00bb down=\u00a0\u00bb0&Prime; down_style=\u00a0\u00bbpx\u00a0\u00bb][vc_column_text css=\u00a0\u00bb\u00a0\u00bb] Vous avez un projet, une id\u00e9e ou une question ? Que vous souhaitiez lancer une [&hellip;]<\/p>\n","protected":false},"author":3,"featured_media":0,"parent":0,"menu_order":0,"comment_status":"closed","ping_status":"closed","template":"","meta":{"_themeisle_gutenberg_block_has_review":false,"footnotes":""},"class_list":["post-1600","page","type-page","status-publish","hentry"],"_links":{"self":[{"href":"https:\/\/cms2512.commu.isfsc.be\/index.php\/wp-json\/wp\/v2\/pages\/1600","targetHints":{"allow":["GET"]}}],"collection":[{"href":"https:\/\/cms2512.commu.isfsc.be\/index.php\/wp-json\/wp\/v2\/pages"}],"about":[{"href":"https:\/\/cms2512.commu.isfsc.be\/index.php\/wp-json\/wp\/v2\/types\/page"}],"author":[{"embeddable":true,"href":"https:\/\/cms2512.commu.isfsc.be\/index.php\/wp-json\/wp\/v2\/users\/3"}],"replies":[{"embeddable":true,"href":"https:\/\/cms2512.commu.isfsc.be\/index.php\/wp-json\/wp\/v2\/comments?post=1600"}],"version-history":[{"count":3,"href":"https:\/\/cms2512.commu.isfsc.be\/index.php\/wp-json\/wp\/v2\/pages\/1600\/revisions"}],"predecessor-version":[{"id":57489,"href":"https:\/\/cms2512.commu.isfsc.be\/index.php\/wp-json\/wp\/v2\/pages\/1600\/revisions\/57489"}],"wp:attachment":[{"href":"https:\/\/cms2512.commu.isfsc.be\/index.php\/wp-json\/wp\/v2\/media?parent=1600"}],"curies":[{"name":"wp","href":"https:\/\/api.w.org\/{rel}","templated":true}]}}